{"id":425,"date":"2024-09-28T01:24:17","date_gmt":"2024-09-28T07:24:17","guid":{"rendered":"https:\/\/www.tevoyexplicando.com\/?page_id=425"},"modified":"2024-09-28T03:23:19","modified_gmt":"2024-09-28T09:23:19","slug":"quienes-somos-2","status":"publish","type":"page","link":"https:\/\/www.tevoyexplicando.com\/index.php\/quienes-somos-2\/","title":{"rendered":"Qui\u00e9nes somos"},"content":{"rendered":"\n<p><strong>Te voy explicando<\/strong> es una web fundada el a\u00f1o 2024 con la intenci\u00f3n de lanzar una de las webs de referencia en el sector de la formaci\u00f3n. <strong>Te voy explicando<\/strong> ayudar\u00e1 a alumnos y emprendedores novicios a generar conocimiento con respecto a temas empresariales, de c\u00f3mputo y de idiomas, con el objetivo de que puedan tener \u00e9xito en sus proyectos escolares y\/o de negocios para ello se cuentan con los recursos materiales y humanos expertos que quieren compartir su pasi\u00f3n por la ense\u00f1anza y el conocimiento.<\/p>\n\n\n\n<h3 class=\"wp-block-heading\">Equipo de redacci\u00f3n<\/h3>\n\n\n<div class=\"wp-block-image\">\n<figure class=\"alignleft size-full is-resized\"><img loading=\"lazy\" decoding=\"async\" width=\"480\" height=\"640\" src=\"https:\/\/www.tevoyexplicando.com\/wp-content\/uploads\/2024\/09\/29625_413373785430973_351497012_n.jpg\" alt=\"\" class=\"wp-image-428\" style=\"width:101px;height:auto\" srcset=\"https:\/\/www.tevoyexplicando.com\/wp-content\/uploads\/2024\/09\/29625_413373785430973_351497012_n.jpg 480w, https:\/\/www.tevoyexplicando.com\/wp-content\/uploads\/2024\/09\/29625_413373785430973_351497012_n-225x300.jpg 225w\" sizes=\"auto, (max-width: 480px) 100vw, 480px\" \/><\/figure>\n<\/div>\n\n\n<h5 class=\"wp-block-heading\">Raymundo Gonz\u00e1lez &#8211; <strong>Lic. en Contadur\u00eda<\/strong><\/h5>\n\n\n\n<p>Desde siempre mi pasi\u00f3n ha sido ense\u00f1ar y nunca parar de aprender. Graduado del Instituto Polit\u00e9cnico Nacional a nivel medio superior en 1987 y Titulado como T\u00e9cnico en Construcci\u00f3n en 1989 poseo s\u00f3lidos conocimientos en matem\u00e1ticas.<\/p>\n\n\n\n<p>En 1989 realice estudios en software computacional y desde 1991 inicie una trayectoria de Instructor de programas y paqueter\u00eda de c\u00f3mputo hasta 2007.<\/p>\n\n\n\n<p>De 2007 a 2010 fui Instructor de Armado y Reparaci\u00f3n de Equipo de C\u00f3mputo, experiencia que me ha permitido en algunos momentos comprar componentes, armar y vender equipos de escritorio de manera personalizada.<\/p>\n\n\n\n<p>En 2010 iniciamos una trayectoria en la capacitaci\u00f3n empresarial, dando capacitaci\u00f3n ofim\u00e1tica a empresas del sector privado y del sector gubernamental hasta 2015.<\/p>\n\n\n\n<p>Desde finales de 2015 y con los conocimientos adquiridos en la Licenciatura en Contadur\u00eda y con una vinculaci\u00f3n laboral con una empresa de retail en el sector del calzado, he dado capacitaci\u00f3n sobre temas de administraci\u00f3n, recursos humanos y ofim\u00e1tica.<\/p>\n\n\n\n<p>En resumen, desde hace 33 a\u00f1os aproximadamente he dado capacitaci\u00f3n y asesor\u00eda, sobre temas de computaci\u00f3n y administraci\u00f3n y me encanta mi trabajo. Te voy explicando me permite llegar a los alumnos de habla hispana de todo el mundo y me da la oportunidad de seguir compartiendo mi experiencia y conocimiento. \u00a1Es sorprendente el saber que puedo ayudar a tanta gente a trav\u00e9s de esta plataforma!<\/p>\n","protected":false},"excerpt":{"rendered":"<p>Te voy explicando es una web fundada el a\u00f1o 2024 con la intenci\u00f3n de lanzar una de las webs de referencia en el sector de la formaci\u00f3n. Te voy explicando ayudar\u00e1 a alumnos y emprendedores novicios a generar conocimiento con respecto a temas empresariales, de c\u00f3mputo y de idiomas, con el objetivo de que puedan &#8230; <a title=\"Qui\u00e9nes somos\" class=\"read-more\" href=\"https:\/\/www.tevoyexplicando.com\/index.php\/quienes-somos-2\/\" aria-label=\"Leer m\u00e1s sobre Qui\u00e9nes somos\">Leer m\u00e1s<\/a><\/p>\n","protected":false},"author":1,"featured_media":0,"parent":0,"menu_order":0,"comment_status":"closed","ping_status":"closed","template":"","meta":{"om_disable_all_campaigns":false,"_monsterinsights_skip_tracking":false,"_monsterinsights_sitenote_active":false,"_monsterinsights_sitenote_note":"","_monsterinsights_sitenote_category":0,"_uf_show_specific_survey":0,"_uf_disable_surveys":false,"footnotes":""},"class_list":["post-425","page","type-page","status-publish"],"aioseo_notices":[],"_links":{"self":[{"href":"https:\/\/www.tevoyexplicando.com\/index.php\/wp-json\/wp\/v2\/pages\/425","targetHints":{"allow":["GET"]}}],"collection":[{"href":"https:\/\/www.tevoyexplicando.com\/index.php\/wp-json\/wp\/v2\/pages"}],"about":[{"href":"https:\/\/www.tevoyexplicando.com\/index.php\/wp-json\/wp\/v2\/types\/page"}],"author":[{"embeddable":true,"href":"https:\/\/www.tevoyexplicando.com\/index.php\/wp-json\/wp\/v2\/users\/1"}],"replies":[{"embeddable":true,"href":"https:\/\/www.tevoyexplicando.com\/index.php\/wp-json\/wp\/v2\/comments?post=425"}],"version-history":[{"count":4,"href":"https:\/\/www.tevoyexplicando.com\/index.php\/wp-json\/wp\/v2\/pages\/425\/revisions"}],"predecessor-version":[{"id":433,"href":"https:\/\/www.tevoyexplicando.com\/index.php\/wp-json\/wp\/v2\/pages\/425\/revisions\/433"}],"wp:attachment":[{"href":"https:\/\/www.tevoyexplicando.com\/index.php\/wp-json\/wp\/v2\/media?parent=425"}],"curies":[{"name":"wp","href":"https:\/\/api.w.org\/{rel}","templated":true}]}}