{"id":8,"date":"2024-02-02T05:38:36","date_gmt":"2024-02-02T11:38:36","guid":{"rendered":"https:\/\/www.tevoyexplicando.com\/?page_id=8"},"modified":"2024-10-01T20:46:39","modified_gmt":"2024-10-02T02:46:39","slug":"bienvenidos","status":"publish","type":"page","link":"https:\/\/www.tevoyexplicando.com\/","title":{"rendered":"Bienvenidos"},"content":{"rendered":"\n<p>Explora la intersecci\u00f3n entre negocios y tecnolog\u00eda en nuestro sitio web, donde encontrar\u00e1s an\u00e1lisis expertos, tendencias innovadoras y consejos pr\u00e1cticos para impulsar tu conocimiento empresarial en la era digital. Sum\u00e9rgete en un mundo donde la estrategia empresarial y la inform\u00e1tica convergen para crear oportunidades sin l\u00edmites. As\u00ed que hablemos de temas de empresas y computaci\u00f3n&#8230; Te voy explicando.<\/p>\n\n\n\n<h4 class=\"wp-block-heading has-text-align-center\"><strong>Art\u00edculos Recientes<\/strong><\/h4>\n\n\n<ul class=\"wp-block-latest-posts__list is-grid columns-2 has-dates has-author aligncenter wp-block-latest-posts\"><li><div class=\"wp-block-latest-posts__featured-image aligncenter\"><a href=\"https:\/\/www.tevoyexplicando.com\/index.php\/2026\/03\/03\/recursos-humanos\/\" aria-label=\"Recursos Humanos\"><img loading=\"lazy\" decoding=\"async\" width=\"150\" height=\"150\" src=\"https:\/\/www.tevoyexplicando.com\/wp-content\/uploads\/2026\/03\/7d76162b-bbf2-4951-b082-a75b65bb5961-150x150.png\" class=\"attachment-thumbnail size-thumbnail wp-post-image\" alt=\"\" style=\"\" \/><\/a><\/div><a class=\"wp-block-latest-posts__post-title\" href=\"https:\/\/www.tevoyexplicando.com\/index.php\/2026\/03\/03\/recursos-humanos\/\">Recursos Humanos<\/a><div class=\"wp-block-latest-posts__post-author\">por Ray Glez<\/div><time datetime=\"2026-03-03T22:50:13-06:00\" class=\"wp-block-latest-posts__post-date\">3 de marzo de 2026<\/time><div class=\"wp-block-latest-posts__post-excerpt\">El concepto de Recursos Humanos (RRHH) ha evolucionado hasta convertirse en un pilar estrat\u00e9gico dentro de las organizaciones modernas. Desde su consolidaci\u00f3n en las d\u00e9cadas de los 70 y 80, &#8230; <a title=\"Recursos Humanos\" class=\"read-more\" href=\"https:\/\/www.tevoyexplicando.com\/index.php\/2026\/03\/03\/recursos-humanos\/\" aria-label=\"Leer m\u00e1s sobre Recursos Humanos\">Leer m\u00e1s<\/a><\/div><\/li>\n<li><div class=\"wp-block-latest-posts__featured-image aligncenter\"><a href=\"https:\/\/www.tevoyexplicando.com\/index.php\/2026\/03\/03\/analisis-del-puesto-vacante-y-definicion-del-perfil-profesional\/\" aria-label=\"An\u00e1lisis del Puesto Vacante y Definici\u00f3n del Perfil Profesional\"><img loading=\"lazy\" decoding=\"async\" width=\"150\" height=\"150\" src=\"https:\/\/www.tevoyexplicando.com\/wp-content\/uploads\/2026\/03\/83bca95a-6041-4aa4-ac0e-2758eecd866d-150x150.png\" class=\"attachment-thumbnail size-thumbnail wp-post-image\" alt=\"\" style=\"\" \/><\/a><\/div><a class=\"wp-block-latest-posts__post-title\" href=\"https:\/\/www.tevoyexplicando.com\/index.php\/2026\/03\/03\/analisis-del-puesto-vacante-y-definicion-del-perfil-profesional\/\">An\u00e1lisis del Puesto Vacante y Definici\u00f3n del Perfil Profesional<\/a><div class=\"wp-block-latest-posts__post-author\">por Ray Glez<\/div><time datetime=\"2026-03-03T02:42:36-06:00\" class=\"wp-block-latest-posts__post-date\">3 de marzo de 2026<\/time><div class=\"wp-block-latest-posts__post-excerpt\">El an\u00e1lisis del puesto vacante es la etapa m\u00e1s cr\u00edtica dentro del proceso de reclutamiento y selecci\u00f3n de personal, ya que permite identificar con precisi\u00f3n las funciones, responsabilidades, competencias laborales &#8230; <a title=\"An\u00e1lisis del Puesto Vacante y Definici\u00f3n del Perfil Profesional\" class=\"read-more\" href=\"https:\/\/www.tevoyexplicando.com\/index.php\/2026\/03\/03\/analisis-del-puesto-vacante-y-definicion-del-perfil-profesional\/\" aria-label=\"Leer m\u00e1s sobre An\u00e1lisis del Puesto Vacante y Definici\u00f3n del Perfil Profesional\">Leer m\u00e1s<\/a><\/div><\/li>\n<li><div class=\"wp-block-latest-posts__featured-image aligncenter\"><a href=\"https:\/\/www.tevoyexplicando.com\/index.php\/2026\/03\/03\/reclutamiento-y-seleccion-de-personal-proceso-estrategico-para-contratar-al-mejor-talento\/\" aria-label=\"Reclutamiento y Selecci\u00f3n de Personal: Proceso Estrat\u00e9gico para Contratar al Mejor Talento\"><img loading=\"lazy\" decoding=\"async\" width=\"150\" height=\"150\" src=\"https:\/\/www.tevoyexplicando.com\/wp-content\/uploads\/2026\/03\/afb06df0-cd75-446e-aba2-437ffc88c3c3-150x150.png\" class=\"attachment-thumbnail size-thumbnail wp-post-image\" alt=\"\" style=\"\" \/><\/a><\/div><a class=\"wp-block-latest-posts__post-title\" href=\"https:\/\/www.tevoyexplicando.com\/index.php\/2026\/03\/03\/reclutamiento-y-seleccion-de-personal-proceso-estrategico-para-contratar-al-mejor-talento\/\">Reclutamiento y Selecci\u00f3n de Personal: Proceso Estrat\u00e9gico para Contratar al Mejor Talento<\/a><div class=\"wp-block-latest-posts__post-author\">por Ray Glez<\/div><time datetime=\"2026-03-03T01:49:28-06:00\" class=\"wp-block-latest-posts__post-date\">3 de marzo de 2026<\/time><div class=\"wp-block-latest-posts__post-excerpt\">An\u00e1lisis del Puesto Vacante y Definici\u00f3n del Perfil Profesional Publicaci\u00f3n y Difusi\u00f3n de la Vacante en Bolsas de Trabajo y Fuentes de Reclutamiento Evaluaciones T\u00e9cnicas Aplicaci\u00f3n y Gesti\u00f3n de Pruebas &#8230; <a title=\"Reclutamiento y Selecci\u00f3n de Personal: Proceso Estrat\u00e9gico para Contratar al Mejor Talento\" class=\"read-more\" href=\"https:\/\/www.tevoyexplicando.com\/index.php\/2026\/03\/03\/reclutamiento-y-seleccion-de-personal-proceso-estrategico-para-contratar-al-mejor-talento\/\" aria-label=\"Leer m\u00e1s sobre Reclutamiento y Selecci\u00f3n de Personal: Proceso Estrat\u00e9gico para Contratar al Mejor Talento\">Leer m\u00e1s<\/a><\/div><\/li>\n<li><a class=\"wp-block-latest-posts__post-title\" href=\"https:\/\/www.tevoyexplicando.com\/index.php\/2026\/02\/23\/entrada-al-sistema-office\/\">Entrada al sistema &#8211; Office<\/a><div class=\"wp-block-latest-posts__post-author\">por Ray Glez<\/div><time datetime=\"2026-02-23T08:33:17-06:00\" class=\"wp-block-latest-posts__post-date\">23 de febrero de 2026<\/time><div class=\"wp-block-latest-posts__post-excerpt\">En el entorno laboral actual, la productividad y la rapidez son habilidades esenciales. Aunque se conoce de manera empirica como entrar a las aplicaciones de Office. Conocer c\u00f3mo acceder a &#8230; <a title=\"Entrada al sistema &#8211; Office\" class=\"read-more\" href=\"https:\/\/www.tevoyexplicando.com\/index.php\/2026\/02\/23\/entrada-al-sistema-office\/\" aria-label=\"Leer m\u00e1s sobre Entrada al sistema &#8211; Office\">Leer m\u00e1s<\/a><\/div><\/li>\n<li><div class=\"wp-block-latest-posts__featured-image aligncenter\"><a href=\"https:\/\/www.tevoyexplicando.com\/index.php\/2026\/02\/23\/hoja-de-calculo-basico-excel-basico\/\" aria-label=\"Hoja de c\u00e1lculo b\u00e1sico &#8211; Excel b\u00e1sico\"><img loading=\"lazy\" decoding=\"async\" width=\"150\" height=\"150\" src=\"https:\/\/www.tevoyexplicando.com\/wp-content\/uploads\/2026\/02\/29cb0ee4-911d-45a1-9981-7914d064f444-150x150.png\" class=\"attachment-thumbnail size-thumbnail wp-post-image\" alt=\"\" style=\"\" srcset=\"https:\/\/www.tevoyexplicando.com\/wp-content\/uploads\/2026\/02\/29cb0ee4-911d-45a1-9981-7914d064f444-150x150.png 150w, https:\/\/www.tevoyexplicando.com\/wp-content\/uploads\/2026\/02\/29cb0ee4-911d-45a1-9981-7914d064f444-300x300.png 300w, https:\/\/www.tevoyexplicando.com\/wp-content\/uploads\/2026\/02\/29cb0ee4-911d-45a1-9981-7914d064f444-768x768.png 768w, https:\/\/www.tevoyexplicando.com\/wp-content\/uploads\/2026\/02\/29cb0ee4-911d-45a1-9981-7914d064f444.png 1024w\" sizes=\"auto, (max-width: 150px) 100vw, 150px\" \/><\/a><\/div><a class=\"wp-block-latest-posts__post-title\" href=\"https:\/\/www.tevoyexplicando.com\/index.php\/2026\/02\/23\/hoja-de-calculo-basico-excel-basico\/\">Hoja de c\u00e1lculo b\u00e1sico &#8211; Excel b\u00e1sico<\/a><div class=\"wp-block-latest-posts__post-author\">por Ray Glez<\/div><time datetime=\"2026-02-23T05:33:09-06:00\" class=\"wp-block-latest-posts__post-date\">23 de febrero de 2026<\/time><div class=\"wp-block-latest-posts__post-excerpt\"><\/div><\/li>\n<\/ul>\n\n\n<h2 class=\"wp-block-heading has-text-align-center\"><strong>Sitios con art\u00edculos<\/strong><\/h2>\n\n\n\n<div class=\"wp-block-columns is-layout-flex wp-container-core-columns-is-layout-9d6595d7 wp-block-columns-is-layout-flex\">\n<div class=\"wp-block-column is-layout-flow wp-block-column-is-layout-flow\">\n<p class=\"has-text-align-center\"><strong><a href=\"https:\/\/www.tevoyexplicando.com\/index.php\/category\/empresa\/\">Empresa<\/a><\/strong><\/p>\n\n\n\n<figure class=\"wp-block-image size-full\"><a href=\"https:\/\/www.tevoyexplicando.com\/index.php\/category\/empresa\/\"><img loading=\"lazy\" decoding=\"async\" width=\"1024\" height=\"1024\" src=\"https:\/\/www.tevoyexplicando.com\/wp-content\/uploads\/2024\/02\/Empresa.jpeg\" alt=\"\" class=\"wp-image-41\" srcset=\"https:\/\/www.tevoyexplicando.com\/wp-content\/uploads\/2024\/02\/Empresa.jpeg 1024w, https:\/\/www.tevoyexplicando.com\/wp-content\/uploads\/2024\/02\/Empresa-300x300.jpeg 300w, https:\/\/www.tevoyexplicando.com\/wp-content\/uploads\/2024\/02\/Empresa-150x150.jpeg 150w, https:\/\/www.tevoyexplicando.com\/wp-content\/uploads\/2024\/02\/Empresa-768x768.jpeg 768w\" sizes=\"auto, (max-width: 1024px) 100vw, 1024px\" \/><\/a><\/figure>\n<\/div>\n\n\n\n<div class=\"wp-block-column is-layout-flow wp-block-column-is-layout-flow\">\n<p class=\"has-text-align-center\"><strong><a href=\"https:\/\/www.tevoyexplicando.com\/index.php\/category\/csoftware\/\">Computaci\u00f3n Software<\/a><\/strong><\/p>\n\n\n\n<figure class=\"wp-block-image size-full\"><a href=\"https:\/\/www.tevoyexplicando.com\/index.php\/category\/csoftware\/\"><img loading=\"lazy\" decoding=\"async\" width=\"1024\" height=\"1024\" src=\"https:\/\/www.tevoyexplicando.com\/wp-content\/uploads\/2024\/02\/computacion-software.jpeg\" alt=\"\" class=\"wp-image-42\" srcset=\"https:\/\/www.tevoyexplicando.com\/wp-content\/uploads\/2024\/02\/computacion-software.jpeg 1024w, https:\/\/www.tevoyexplicando.com\/wp-content\/uploads\/2024\/02\/computacion-software-300x300.jpeg 300w, https:\/\/www.tevoyexplicando.com\/wp-content\/uploads\/2024\/02\/computacion-software-150x150.jpeg 150w, https:\/\/www.tevoyexplicando.com\/wp-content\/uploads\/2024\/02\/computacion-software-768x768.jpeg 768w\" sizes=\"auto, (max-width: 1024px) 100vw, 1024px\" \/><\/a><\/figure>\n<\/div>\n<\/div>\n\n\n\n<div class=\"wp-block-columns is-layout-flex wp-container-core-columns-is-layout-9d6595d7 wp-block-columns-is-layout-flex\">\n<div class=\"wp-block-column is-layout-flow wp-block-column-is-layout-flow\">\n<p class=\"has-text-align-center\"><strong><a href=\"https:\/\/www.tevoyexplicando.com\/index.php\/category\/chardware\/\">Computaci\u00f3n Hardware<\/a><\/strong><\/p>\n\n\n\n<figure class=\"wp-block-image size-full\"><a href=\"https:\/\/www.tevoyexplicando.com\/index.php\/category\/chardware\/\"><img loading=\"lazy\" decoding=\"async\" width=\"1024\" height=\"1024\" src=\"https:\/\/www.tevoyexplicando.com\/wp-content\/uploads\/2024\/02\/computacion-hardware.jpeg\" alt=\"\" class=\"wp-image-43\" style=\"object-fit:cover\" srcset=\"https:\/\/www.tevoyexplicando.com\/wp-content\/uploads\/2024\/02\/computacion-hardware.jpeg 1024w, https:\/\/www.tevoyexplicando.com\/wp-content\/uploads\/2024\/02\/computacion-hardware-300x300.jpeg 300w, https:\/\/www.tevoyexplicando.com\/wp-content\/uploads\/2024\/02\/computacion-hardware-150x150.jpeg 150w, https:\/\/www.tevoyexplicando.com\/wp-content\/uploads\/2024\/02\/computacion-hardware-768x768.jpeg 768w\" sizes=\"auto, (max-width: 1024px) 100vw, 1024px\" \/><\/a><\/figure>\n<\/div>\n\n\n\n<div class=\"wp-block-column is-layout-flow wp-block-column-is-layout-flow\">\n<p class=\"has-text-align-center\"><strong><a href=\"https:\/\/www.tevoyexplicando.com\/index.php\/category\/varios\/\">Varios<\/a><\/strong><\/p>\n\n\n\n<figure class=\"wp-block-image size-full\"><a href=\"https:\/\/www.tevoyexplicando.com\/index.php\/category\/varios\/\"><img loading=\"lazy\" decoding=\"async\" width=\"1024\" height=\"1024\" src=\"https:\/\/www.tevoyexplicando.com\/wp-content\/uploads\/2024\/02\/varios.jpeg\" alt=\"\" class=\"wp-image-44\" srcset=\"https:\/\/www.tevoyexplicando.com\/wp-content\/uploads\/2024\/02\/varios.jpeg 1024w, https:\/\/www.tevoyexplicando.com\/wp-content\/uploads\/2024\/02\/varios-300x300.jpeg 300w, https:\/\/www.tevoyexplicando.com\/wp-content\/uploads\/2024\/02\/varios-150x150.jpeg 150w, https:\/\/www.tevoyexplicando.com\/wp-content\/uploads\/2024\/02\/varios-768x768.jpeg 768w\" sizes=\"auto, (max-width: 1024px) 100vw, 1024px\" \/><\/a><\/figure>\n<\/div>\n<\/div>\n\n\n\n<p><\/p>\n","protected":false},"excerpt":{"rendered":"<p>Explora la intersecci\u00f3n entre negocios y tecnolog\u00eda en nuestro sitio web, donde encontrar\u00e1s an\u00e1lisis expertos, tendencias innovadoras y consejos pr\u00e1cticos para impulsar tu conocimiento empresarial en la era digital. Sum\u00e9rgete en un mundo donde la estrategia empresarial y la inform\u00e1tica convergen para crear oportunidades sin l\u00edmites. As\u00ed que hablemos de temas de empresas y computaci\u00f3n&#8230; &#8230; <a title=\"Bienvenidos\" class=\"read-more\" href=\"https:\/\/www.tevoyexplicando.com\/\" aria-label=\"Leer m\u00e1s sobre Bienvenidos\">Leer m\u00e1s<\/a><\/p>\n","protected":false},"author":1,"featured_media":0,"parent":0,"menu_order":0,"comment_status":"closed","ping_status":"closed","template":"","meta":{"om_disable_all_campaigns":false,"_monsterinsights_skip_tracking":false,"_monsterinsights_sitenote_active":false,"_monsterinsights_sitenote_note":"","_monsterinsights_sitenote_category":0,"_uf_show_specific_survey":0,"_uf_disable_surveys":false,"footnotes":""},"class_list":["post-8","page","type-page","status-publish"],"aioseo_notices":[],"_links":{"self":[{"href":"https:\/\/www.tevoyexplicando.com\/index.php\/wp-json\/wp\/v2\/pages\/8","targetHints":{"allow":["GET"]}}],"collection":[{"href":"https:\/\/www.tevoyexplicando.com\/index.php\/wp-json\/wp\/v2\/pages"}],"about":[{"href":"https:\/\/www.tevoyexplicando.com\/index.php\/wp-json\/wp\/v2\/types\/page"}],"author":[{"embeddable":true,"href":"https:\/\/www.tevoyexplicando.com\/index.php\/wp-json\/wp\/v2\/users\/1"}],"replies":[{"embeddable":true,"href":"https:\/\/www.tevoyexplicando.com\/index.php\/wp-json\/wp\/v2\/comments?post=8"}],"version-history":[{"count":17,"href":"https:\/\/www.tevoyexplicando.com\/index.php\/wp-json\/wp\/v2\/pages\/8\/revisions"}],"predecessor-version":[{"id":440,"href":"https:\/\/www.tevoyexplicando.com\/index.php\/wp-json\/wp\/v2\/pages\/8\/revisions\/440"}],"wp:attachment":[{"href":"https:\/\/www.tevoyexplicando.com\/index.php\/wp-json\/wp\/v2\/media?parent=8"}],"curies":[{"name":"wp","href":"https:\/\/api.w.org\/{rel}","templated":true}]}}